{"id":2506,"date":"2023-05-04T09:18:45","date_gmt":"2023-05-04T07:18:45","guid":{"rendered":"http:\/\/kirepatrimonial.com\/declaracion-de-accesibilidad\/"},"modified":"2023-05-04T09:20:07","modified_gmt":"2023-05-04T07:20:07","slug":"declaracion-de-accesibilidad","status":"publish","type":"page","link":"https:\/\/kirepatrimonial.com\/es\/declaracion-de-accesibilidad\/","title":{"rendered":"Declaraci\u00f3n de Accesibilidad"},"content":{"rendered":"<p>[et_pb_section fb_built=\u00bb1&#8243; admin_label=\u00bbAbout\u00bb _builder_version=\u00bb4.20.0&#8243; _module_preset=\u00bbdefault\u00bb background_color=\u00bb#FFFFFF\u00bb custom_padding=\u00bb0px||0px||true|false\u00bb locked=\u00bboff\u00bb collapsed=\u00bboff\u00bb global_colors_info=\u00bb{}\u00bb][et_pb_row use_custom_gutter=\u00bbon\u00bb gutter_width=\u00bb1&#8243; make_equal=\u00bbon\u00bb _builder_version=\u00bb4.20.0&#8243; _module_preset=\u00bbdefault\u00bb background_color=\u00bb#F7F7F7&#8243; width=\u00bb100%\u00bb max_width=\u00bb100%\u00bb custom_margin=\u00bb||||false|false\u00bb custom_padding=\u00bb40px||40px||true|false\u00bb custom_css_main_element=\u00bbalign-items:center;\u00bb global_colors_info=\u00bb{}\u00bb][et_pb_column type=\u00bb4_4&#8243; _builder_version=\u00bb4.20.0&#8243; _module_preset=\u00bbdefault\u00bb background_enable_image=\u00bboff\u00bb background_position=\u00bbtop_center\u00bb custom_padding=\u00bb||||true|false\u00bb animation_direction=\u00bbleft\u00bb global_colors_info=\u00bb{}\u00bb]<\/p>\n<p>[dnxte_multi_heading text_one=\u00bbDeclaraci\u00f3n de Accesibilidad\u00bb inline_multi_align=\u00bbcenter\u00bb text_one_reveal_effect=\u00bbon\u00bb text_one_reveal_color_before=\u00bb#82C34B\u00bb _builder_version=\u00bb4.20.0&#8243; _module_preset=\u00bbdefault\u00bb text_one_text_color=\u00bb#000000&#8243; text_one_font_size=\u00bb38px\u00bb hover_enabled=\u00bb0&#8243; global_colors_info=\u00bb{}\u00bb sticky_enabled=\u00bb0&#8243;][\/dnxte_multi_heading]<\/p>\n<p>[\/et_pb_column][\/et_pb_row][et_pb_row use_custom_gutter=\u00bbon\u00bb gutter_width=\u00bb1&#8243; make_equal=\u00bbon\u00bb _builder_version=\u00bb4.20.0&#8243; _module_preset=\u00bbdefault\u00bb background_color=\u00bb#FFFFFF\u00bb width=\u00bb75%\u00bb max_width=\u00bb75%\u00bb custom_margin=\u00bb||||false|false\u00bb custom_padding=\u00bb40px||40px||true|false\u00bb custom_css_main_element=\u00bbalign-items:center;\u00bb global_colors_info=\u00bb{}\u00bb][et_pb_column type=\u00bb4_4&#8243; _builder_version=\u00bb4.20.0&#8243; _module_preset=\u00bbdefault\u00bb background_enable_image=\u00bboff\u00bb background_position=\u00bbtop_center\u00bb custom_padding=\u00bb||||true|false\u00bb animation_direction=\u00bbleft\u00bb global_colors_info=\u00bb{}\u00bb][et_pb_text _builder_version=\u00bb4.20.0&#8243; _module_preset=\u00bbdefault\u00bb hover_enabled=\u00bb0&#8243; global_colors_info=\u00bb{}\u00bb sticky_enabled=\u00bb0&#8243;]<\/p>\n<p>La empresa <strong>RONOTEC SL<\/strong> se ha comprometido a hacer accesible su sitio web de conformidad con el Real Decreto 1112\/2018, de 7 de septiembre, sobre accesibilidad de los sitios web y aplicaciones para dispositivos m\u00f3viles del sector p\u00fablico, o desarrollos financiados desde Europa.<br \/>La presente declaraci\u00f3n de accesibilidad se aplica al sitio web https:\/\/kirepatrimonial.com excluyendo los contenidos incrustados provenientes de otros dominios.<br \/>Situaci\u00f3n de cumplimiento<br \/>Este sitio web es Parcialmente conforme con el RD 1112\/2018 debido a la falta de conformidad de los aspectos que se indican a continuaci\u00f3n.<br \/>Contenido no accesible<br \/>El contenido que se recoge a continuaci\u00f3n no es accesible por los siguientes motivos:<\/p>\n<ul>\n<li>Falta de conformidad:<\/li>\n<li>Puede existir contenido no textual con alternativa textual inadecuada en algunas p\u00e1ginas &#8211; Requisito n\u00famero 9.1.1.1 Contenido no textual de UNE-EN 301549:2022\n<ul>\n<li>Puede haber elementos cuyo contraste no sea el suficiente en algunas p\u00e1ginas \u2013 Requisito 9.1.4.3 Contraste UNE-EN 301549:202<\/li>\n<li>Pueden existir algunos errores de parseo en el c\u00f3digo &#8211; Requisito n\u00famero 9.4.1.1 Procesamiento de UNE-EN 301549:2022<\/li>\n<li>La web no ofrece un sistema de navegaci\u00f3n alternativo al men\u00fa \u2013 Requisito n\u00famero 9.2.4.5 M\u00faltiples V\u00edas de UNE-EN 301549:2022<\/li>\n<li>Podr\u00edan existir fallos puntuales de edici\u00f3n en alguna p\u00e1gina web.<\/li>\n<\/ul>\n<\/li>\n<li>Carga desproporcionada: No resulta aplicable.<\/li>\n<li>El contenido no entra dentro del \u00e1mbito de la legislaci\u00f3n aplicable.<\/li>\n<\/ul>\n<p>Podr\u00edan existir archivos ofim\u00e1ticos en PDF u otros formatos publicados antes del 20 de septiembre de 2018 que no cumplan en su totalidad todos los requisitos de accesibilidad.<br \/>Puede haber contenidos de terceros que no est\u00e9n desarrollados en esta Unidad, ni bajo su control, como archivos ofim\u00e1ticos de diferentes organismos que deban publicarse en este sitio.<\/p>\n<p>[\/et_pb_text][\/et_pb_column][\/et_pb_row][\/et_pb_section]<\/p>\n","protected":false},"excerpt":{"rendered":"<p><div class=\"et_pb_module dnxte_multi_heading dnxte_multi_heading_0\">\n\t\t\t\t\n\t\t\t\t\n\t\t\t\t\n\t\t\t\t\n\t\t\t\t\n\t\t\t\t\n\t\t\t\t<div class=\"et_pb_module_inner\">\n\t\t\t\t\t<div class=\"wrapper\"><h1 class='header-level '><span class=\"dnxt-text-one reveal-effect masker wow\"><span class=\"dnxt-gradient-text-color-1\">Declaraci\u00f3n de Accesibilidad<\/span><\/span><\/h1><\/div>\n\t\t\t\t<\/div>\n\t\t\t<\/div>La empresa RONOTEC SL se ha comprometido a hacer accesible su sitio web de conformidad con el Real Decreto 1112\/2018, de 7 de septiembre, sobre accesibilidad de los sitios web y aplicaciones para dispositivos m\u00f3viles del sector p\u00fablico, o desarrollos financiados desde [&hellip;]<\/p>\n","protected":false},"author":1,"featured_media":0,"parent":0,"menu_order":0,"comment_status":"closed","ping_status":"closed","template":"","meta":{"_et_pb_use_builder":"on","_et_pb_old_content":"","_et_gb_content_width":"","footnotes":""},"class_list":["post-2506","page","type-page","status-publish","hentry"],"aioseo_notices":[],"_links":{"self":[{"href":"https:\/\/kirepatrimonial.com\/es\/wp-json\/wp\/v2\/pages\/2506","targetHints":{"allow":["GET"]}}],"collection":[{"href":"https:\/\/kirepatrimonial.com\/es\/wp-json\/wp\/v2\/pages"}],"about":[{"href":"https:\/\/kirepatrimonial.com\/es\/wp-json\/wp\/v2\/types\/page"}],"author":[{"embeddable":true,"href":"https:\/\/kirepatrimonial.com\/es\/wp-json\/wp\/v2\/users\/1"}],"replies":[{"embeddable":true,"href":"https:\/\/kirepatrimonial.com\/es\/wp-json\/wp\/v2\/comments?post=2506"}],"version-history":[{"count":0,"href":"https:\/\/kirepatrimonial.com\/es\/wp-json\/wp\/v2\/pages\/2506\/revisions"}],"wp:attachment":[{"href":"https:\/\/kirepatrimonial.com\/es\/wp-json\/wp\/v2\/media?parent=2506"}],"curies":[{"name":"wp","href":"https:\/\/api.w.org\/{rel}","templated":true}]}}